{"id":13,"date":"2024-02-27T14:52:15","date_gmt":"2024-02-27T17:52:15","guid":{"rendered":"https:\/\/lavaca.org\/trinchera\/?page_id=13"},"modified":"2024-09-03T11:10:44","modified_gmt":"2024-09-03T14:10:44","slug":"inicio","status":"publish","type":"page","link":"https:\/\/lavaca.org\/trinchera\/","title":{"rendered":"Inicio"},"content":{"rendered":"<ul class=\"wp-block-latest-posts__list is-grid columns-3 wp-block-latest-posts\"><li><div class=\"wp-block-latest-posts__featured-image\"><\/div><a class=\"wp-block-latest-posts__post-title\" href=\"https:\/\/lavaca.org\/trinchera\/continua-el-festival-amores-en-mu-trinchera-boutique\/\">Contin\u00faa el Festival Amores en MU Trinchera Boutique<\/a><div class=\"wp-block-latest-posts__post-excerpt\">Este fin de semana, volvemos a reunirnos con m\u00fasica y teatro porque\u00a0nuestra br\u00fajula es el deseo de estar juntxs. Este viernes 23, Sof\u00eda Dieguez, La Sirena, cantar\u00e1 los temas de su EP y presentar\u00e1 nuevo material. El s\u00e1bado la actriz Aldana Pellicani -nos trae su obra Lo que s\u00e9 del amor, dirigida por Carolina Ayub, ambas integrantes del grupo teatral [&hellip;]<\/div><\/li>\n<li><div class=\"wp-block-latest-posts__featured-image\"><\/div><a class=\"wp-block-latest-posts__post-title\" href=\"https:\/\/lavaca.org\/trinchera\/festival-amores-en-mu-trinchera-boutique\/\">Festival Amores en MU Trinchera Boutique<\/a><div class=\"wp-block-latest-posts__post-excerpt\">Querer es poder y en esta \u00e9poca necesitamos querer y poder much\u00edsimo. El Festival Amores es una ventana a esos deseos colectivos de cuidar la belleza, el encuentro y el abrazo que siempre significa el arte. Presentamos la siguiente cartelera para los pr\u00f3ximos fines de semana de febrero. Todas las entradas se consiguen por Alternativa Teatral. Viernes 16, 21 hs: [&hellip;]<\/div><\/li>\n<li><div class=\"wp-block-latest-posts__featured-image\"><\/div><a class=\"wp-block-latest-posts__post-title\" href=\"https:\/\/lavaca.org\/trinchera\/comienza-el-festival-amores-una-propuesta-para-re-unirse-desde-el-teatro-y-la-musica\/\">Comienza el Festival Amores, una propuesta para re-unirse desde el teatro y la m\u00fasica<\/a><div class=\"wp-block-latest-posts__post-excerpt\">En tiempos de fragilidad e incertidumbre, nuestra br\u00fajula es el deseo de estar juntxs. Todo lo que sale de esa uni\u00f3n, nos fortalece. Por eso, nos re-unimos desde el teatro y la m\u00fasica.&nbsp;Este viernes 16 presentamos a Caro Bonillo y Andrea Baz\u00e1n, dos prestigiosas m\u00fasicas de ra\u00edz folcl\u00f3rica que nos traen A mano, el nuevo disco de Caro y otras [&hellip;]<\/div><\/li>\n<li><div class=\"wp-block-latest-posts__featured-image\"><\/div><a class=\"wp-block-latest-posts__post-title\" href=\"https:\/\/lavaca.org\/trinchera\/abierta-la-inscripcion-para-la-universidad-de-lavaca-uva-y-escuela-de-teatro-2024\/\">Abierta la inscripci\u00f3n para la Universidad de Lavaca (UVA) y Escuela de Teatro 2024<\/a><div class=\"wp-block-latest-posts__post-excerpt\">Oferta acad\u00e9mica 2024 &#8211; Universidad de Lavaca (UVA) Para m\u00e1s info de cualquiera de las opciones: lavaca.cursos@gmail.com \u00a1Arrancamos en marzo, as\u00ed que escribinos! Diplomado en Periodismo y Comunicaci\u00f3n Ambiental Dr. Andr\u00e9s Carrasco Generar estudio, reflexi\u00f3n y acci\u00f3n con respecto a uno de los temas centrales de la \u00e9poca: Naturaleza, sociedad, derechos humanos, modelos econ\u00f3micos, impactos ecol\u00f3gicos y sociales, paradigmas de [&hellip;]<\/div><\/li>\n<li><div class=\"wp-block-latest-posts__featured-image\"><\/div><a class=\"wp-block-latest-posts__post-title\" href=\"https:\/\/lavaca.org\/trinchera\/autodefensa-en-mu-cuerpos-y-derechos-diplomado-intensivo\/\">Autodefensa en MU: Cuerpos y Derechos, diplomado intensivo<\/a><div class=\"wp-block-latest-posts__post-excerpt\">&#x1f6d1; Cuerpos y Derechos. Diplomado Intensivo. &#x2705; Comparten sus saberes la doctora Cristina Monserrat Hendrickse y el profesor Salvador Oliva. &#x23f0; S\u00e1bado 16 de 10 a 13 hs. Cuerpos y autodefensa. &#x23f2;&#xfe0f; De 14 a 17 Derechos en acci\u00f3n. &#x231a; Domingo de 16 a 19 entrenamiento. &#x1f468;&#x1f3fd;&#x200d;&#x1f393; Se entregar\u00e1n diplomas de asistencia. &#x1f504;M\u00e1s info por mail en lavaca.cursos@gmail.com &#x23e9; Sobre [&hellip;]<\/div><\/li>\n<\/ul>","protected":false},"excerpt":{"rendered":"","protected":false},"author":1,"featured_media":12,"parent":0,"menu_order":0,"comment_status":"closed","ping_status":"closed","template":"page-templates\/home-simple.php","meta":{"footnotes":""},"class_list":["post-13","page","type-page","status-publish","has-post-thumbnail","hentry"],"_links":{"self":[{"href":"https:\/\/lavaca.org\/trinchera\/wp-json\/wp\/v2\/pages\/13","targetHints":{"allow":["GET"]}}],"collection":[{"href":"https:\/\/lavaca.org\/trinchera\/wp-json\/wp\/v2\/pages"}],"about":[{"href":"https:\/\/lavaca.org\/trinchera\/wp-json\/wp\/v2\/types\/page"}],"author":[{"embeddable":true,"href":"https:\/\/lavaca.org\/trinchera\/wp-json\/wp\/v2\/users\/1"}],"replies":[{"embeddable":true,"href":"https:\/\/lavaca.org\/trinchera\/wp-json\/wp\/v2\/comments?post=13"}],"version-history":[{"count":4,"href":"https:\/\/lavaca.org\/trinchera\/wp-json\/wp\/v2\/pages\/13\/revisions"}],"predecessor-version":[{"id":89516,"href":"https:\/\/lavaca.org\/trinchera\/wp-json\/wp\/v2\/pages\/13\/revisions\/89516"}],"wp:featuredmedia":[{"embeddable":true,"href":"https:\/\/lavaca.org\/trinchera\/wp-json\/wp\/v2\/media\/12"}],"wp:attachment":[{"href":"https:\/\/lavaca.org\/trinchera\/wp-json\/wp\/v2\/media?parent=13"}],"curies":[{"name":"wp","href":"https:\/\/api.w.org\/{rel}","templated":true}]}}